{"id":5293,"date":"2023-02-06T13:51:22","date_gmt":"2023-02-06T13:51:22","guid":{"rendered":"https:\/\/leroux.qodeinteractive.com\/?page_id=5293"},"modified":"2024-02-22T09:28:11","modified_gmt":"2024-02-22T09:28:11","slug":"progettiprogetti-in-corso-platinum-e","status":"publish","type":"page","link":"https:\/\/platinume.it\/zh\/portfolio\/progettiprogetti-in-corso-platinum-e\/","title":{"rendered":"\u9879\u76ee"},"content":{"rendered":"<div data-elementor-type=\"wp-page\" data-elementor-id=\"5293\" class=\"elementor elementor-5293\">\n\t\t\t\t<div class=\"elementor-element elementor-element-32bd626 e-flex e-con-boxed e-con e-parent\" data-id=\"32bd626\" data-element_type=\"container\" data-settings=\"{&quot;background_background&quot;:&quot;classic&quot;,&quot;content_width&quot;:&quot;boxed&quot;}\" data-core-v316-plus=\"true\">\n\t\t\t\t\t<div class=\"e-con-inner\">\n\t\t\t\t<div class=\"elementor-element elementor-element-e106080 elementor-widget__width-initial elementor-widget elementor-widget-html\" data-id=\"e106080\" data-element_type=\"widget\" data-widget_type=\"html.default\">\n\t\t\t\t<div class=\"elementor-widget-container\">\n\t\t\t<h1 style=\"color:#000\">\u6210\u4e3a\u6211\u4eec\u7684\u5408\u4f5c <b>\u4f19\u4f34<\/b><br>\r\n\u5e76\u53c2\u4e0e\u6211\u4eec<br>\r\n\u6b63\u5728\u8fdb\u884c\u7684\u9879\u76ee<\/h1>\t\t<\/div>\n\t\t\t\t<\/div>\n\t\t\t\t\t<\/div>\n\t\t\t\t<\/div>\n\t\t\t\t<section class=\"elementor-section elementor-top-section elementor-element elementor-element-be06fc4 qodef-elementor-content-grid elementor-section-boxed elementor-section-height-default elementor-section-height-default\" data-id=\"be06fc4\" data-element_type=\"section\" data-settings=\"{&quot;background_background&quot;:&quot;classic&quot;}\">\n\t\t\t\t\t\t<div class=\"elementor-container elementor-column-gap-default\">\n\t\t\t\t\t<div class=\"elementor-column elementor-col-100 elementor-top-column elementor-element elementor-element-ce9a934\" data-id=\"ce9a934\" data-element_type=\"column\">\n\t\t\t<div class=\"elementor-widget-wrap elementor-element-populated\">\n\t\t\t\t\t\t<div class=\"elementor-element elementor-element-3afae5c elementor-widget elementor-widget-leroux_core_portfolio_list\" data-id=\"3afae5c\" data-element_type=\"widget\" data-widget_type=\"leroux_core_portfolio_list.default\">\n\t\t\t\t<div class=\"elementor-widget-container\">\n\t\t\t<div class=\"qodef-shortcode qodef-m  qodef-portfolio-list qodef-item-layout--info-below qodef-grid qodef-layout--columns  qodef-gutter--enormous qodef-vertical-gutter--extra-large qodef-col-num--3 qodef-item-layout--info-below qodef-pagination--on qodef-pagination-type--standard qodef-responsive--custom qodef-col-num--1440--3 qodef-col-num--1366--3 qodef-col-num--1024--2 qodef-col-num--768--2 qodef-col-num--680--1 qodef-col-num--480--1 qodef-hover-animation--overlay\" data-options=\"{&quot;plugin&quot;:&quot;leroux_core&quot;,&quot;module&quot;:&quot;post-types\\\/portfolio\\\/shortcodes&quot;,&quot;shortcode&quot;:&quot;portfolio-list&quot;,&quot;post_type&quot;:&quot;portfolio-item&quot;,&quot;next_page&quot;:&quot;2&quot;,&quot;max_pages_num&quot;:1,&quot;behavior&quot;:&quot;columns&quot;,&quot;images_proportion&quot;:&quot;full&quot;,&quot;columns&quot;:&quot;3&quot;,&quot;columns_responsive&quot;:&quot;custom&quot;,&quot;columns_1440&quot;:&quot;3&quot;,&quot;columns_1366&quot;:&quot;3&quot;,&quot;columns_1024&quot;:&quot;2&quot;,&quot;columns_768&quot;:&quot;2&quot;,&quot;columns_680&quot;:&quot;1&quot;,&quot;columns_480&quot;:&quot;1&quot;,&quot;space&quot;:&quot;enormous&quot;,&quot;vertical_space&quot;:&quot;extra-large&quot;,&quot;posts_per_page&quot;:&quot;9&quot;,&quot;orderby&quot;:&quot;date&quot;,&quot;order&quot;:&quot;ASC&quot;,&quot;additional_params&quot;:&quot;tax&quot;,&quot;tax&quot;:&quot;portfolio-category&quot;,&quot;layout&quot;:&quot;info-below&quot;,&quot;hover_animation_info-below&quot;:&quot;overlay&quot;,&quot;hover_animation_info-follow&quot;:&quot;follow&quot;,&quot;hover_animation_info-on-hover&quot;:&quot;fade-in&quot;,&quot;title_tag&quot;:&quot;h5&quot;,&quot;custom_margin&quot;:&quot;no&quot;,&quot;pagination_type&quot;:&quot;standard&quot;,&quot;pagination_top_margin&quot;:&quot;margin-top: 108px&quot;,&quot;object_class_name&quot;:&quot;LerouxCore_Portfolio_List_Shortcode&quot;,&quot;taxonomy_filter&quot;:&quot;portfolio-category&quot;,&quot;space_value&quot;:70}\">\n\t\t<div class=\"qodef-grid-inner\">\n\t\t<article class=\"qodef-e qodef-grid-item qodef-item--full post-5188 portfolio-item type-portfolio-item status-publish has-post-thumbnail hentry portfolio-tag-project\">\n\t<div class=\"qodef-e-inner\" >\n\t\t<div class=\"qodef-e-media\">\n\t\t\t\t<div class=\"qodef-e-media-image\">\n\t\t<a itemprop=\"url\" href=\"https:\/\/platinume.it\/zh\/portfolio-item\/90-impianti-fotovoltaici\/\" target=\"_self\">\n\t\t\t<img fetchpriority=\"high\" decoding=\"async\" width=\"850\" height=\"1064\" src=\"https:\/\/platinume.it\/wp-content\/uploads\/2023\/02\/Progetto-senza-titolo-2.jpg\" class=\"attachment-full size-full wp-post-image\" alt=\"\" srcset=\"https:\/\/platinume.it\/wp-content\/uploads\/2023\/02\/Progetto-senza-titolo-2.jpg 850w, https:\/\/platinume.it\/wp-content\/uploads\/2023\/02\/Progetto-senza-titolo-2-240x300.jpg 240w, https:\/\/platinume.it\/wp-content\/uploads\/2023\/02\/Progetto-senza-titolo-2-818x1024.jpg 818w, https:\/\/platinume.it\/wp-content\/uploads\/2023\/02\/Progetto-senza-titolo-2-768x961.jpg 768w, https:\/\/platinume.it\/wp-content\/uploads\/2023\/02\/Progetto-senza-titolo-2-10x12.jpg 10w\" sizes=\"(max-width: 850px) 100vw, 850px\" \/>\t\t<\/a>\n\t<\/div>\n\t\t<\/div>\n\t\t<div class=\"qodef-e-content\" >\n\t\t\t<div class=\"qodef-e-top-holder\">\n\t\t\t\t<div class=\"qodef-e-text\">\n\t\t\t\t\t<h5 itemprop=\"name\" class=\"qodef-e-title entry-title\" >\n\t<a itemprop=\"url\" class=\"qodef-e-title-link\" href=\"https:\/\/platinume.it\/zh\/portfolio-item\/90-impianti-fotovoltaici\/\" target=\"_self\">\n\t\t90Gwh da Impianti Fotovoltaici\t<\/a>\n<\/h5>\n\t\t\t\t<\/div>\n\t\t\t<\/div>\n\t\t\t<div class=\"qodef-e-info\">\n\t\t\t\t\t\t\t<\/div>\n\t\t<\/div>\n\t<\/div>\n<\/article>\n<article class=\"qodef-e qodef-grid-item qodef-item--full post-5413 portfolio-item type-portfolio-item status-publish has-post-thumbnail hentry portfolio-tag-project\">\n\t<div class=\"qodef-e-inner\" >\n\t\t<div class=\"qodef-e-media\">\n\t\t\t\t<div class=\"qodef-e-media-image\">\n\t\t<a itemprop=\"url\" href=\"https:\/\/platinume.it\/zh\/portfolio-item\/2-comunita-energetiche\/\" target=\"_self\">\n\t\t\t<img decoding=\"async\" width=\"850\" height=\"1064\" src=\"https:\/\/platinume.it\/wp-content\/uploads\/2023\/02\/Progetto-senza-titolo-1.jpg\" class=\"attachment-full size-full wp-post-image\" alt=\"\" srcset=\"https:\/\/platinume.it\/wp-content\/uploads\/2023\/02\/Progetto-senza-titolo-1.jpg 850w, https:\/\/platinume.it\/wp-content\/uploads\/2023\/02\/Progetto-senza-titolo-1-240x300.jpg 240w, https:\/\/platinume.it\/wp-content\/uploads\/2023\/02\/Progetto-senza-titolo-1-818x1024.jpg 818w, https:\/\/platinume.it\/wp-content\/uploads\/2023\/02\/Progetto-senza-titolo-1-768x961.jpg 768w, https:\/\/platinume.it\/wp-content\/uploads\/2023\/02\/Progetto-senza-titolo-1-10x12.jpg 10w\" sizes=\"(max-width: 850px) 100vw, 850px\" \/>\t\t<\/a>\n\t<\/div>\n\t\t<\/div>\n\t\t<div class=\"qodef-e-content\" >\n\t\t\t<div class=\"qodef-e-top-holder\">\n\t\t\t\t<div class=\"qodef-e-text\">\n\t\t\t\t\t<h5 itemprop=\"name\" class=\"qodef-e-title entry-title\" >\n\t<a itemprop=\"url\" class=\"qodef-e-title-link\" href=\"https:\/\/platinume.it\/zh\/portfolio-item\/2-comunita-energetiche\/\" target=\"_self\">\n\t\t4 Nuove Comunit\u00e0 Energetiche\t<\/a>\n<\/h5>\n\t\t\t\t<\/div>\n\t\t\t<\/div>\n\t\t\t<div class=\"qodef-e-info\">\n\t\t\t\t\t\t\t<\/div>\n\t\t<\/div>\n\t<\/div>\n<\/article>\n<article class=\"qodef-e qodef-grid-item qodef-item--full post-5415 portfolio-item type-portfolio-item status-publish has-post-thumbnail hentry portfolio-tag-project\">\n\t<div class=\"qodef-e-inner\" >\n\t\t<div class=\"qodef-e-media\">\n\t\t\t\t<div class=\"qodef-e-media-image\">\n\t\t<a itemprop=\"url\" href=\"https:\/\/platinume.it\/zh\/portfolio-item\/parco-eolico-40gw\/\" target=\"_self\">\n\t\t\t<img decoding=\"async\" width=\"850\" height=\"1064\" src=\"https:\/\/platinume.it\/wp-content\/uploads\/2023\/02\/Progetto-senza-titolo.jpg\" class=\"attachment-full size-full wp-post-image\" alt=\"\" srcset=\"https:\/\/platinume.it\/wp-content\/uploads\/2023\/02\/Progetto-senza-titolo.jpg 850w, https:\/\/platinume.it\/wp-content\/uploads\/2023\/02\/Progetto-senza-titolo-240x300.jpg 240w, https:\/\/platinume.it\/wp-content\/uploads\/2023\/02\/Progetto-senza-titolo-818x1024.jpg 818w, https:\/\/platinume.it\/wp-content\/uploads\/2023\/02\/Progetto-senza-titolo-768x961.jpg 768w, https:\/\/platinume.it\/wp-content\/uploads\/2023\/02\/Progetto-senza-titolo-10x12.jpg 10w\" sizes=\"(max-width: 850px) 100vw, 850px\" \/>\t\t<\/a>\n\t<\/div>\n\t\t<\/div>\n\t\t<div class=\"qodef-e-content\" >\n\t\t\t<div class=\"qodef-e-top-holder\">\n\t\t\t\t<div class=\"qodef-e-text\">\n\t\t\t\t\t<h5 itemprop=\"name\" class=\"qodef-e-title entry-title\" >\n\t<a itemprop=\"url\" class=\"qodef-e-title-link\" href=\"https:\/\/platinume.it\/zh\/portfolio-item\/parco-eolico-40gw\/\" target=\"_self\">\n\t\t40Gw\u98ce\u7535\u573a\t<\/a>\n<\/h5>\n\t\t\t\t<\/div>\n\t\t\t<\/div>\n\t\t\t<div class=\"qodef-e-info\">\n\t\t\t\t\t\t\t<\/div>\n\t\t<\/div>\n\t<\/div>\n<\/article>\n\t<\/div>\n\t<\/div>\n\t\t<\/div>\n\t\t\t\t<\/div>\n\t\t\t\t\t<\/div>\n\t\t<\/div>\n\t\t\t\t\t<\/div>\n\t\t<\/section>\n\t\t\t\t<\/div>","protected":false},"excerpt":{"rendered":"<p>Diventa nostro Partner e partecipa ai progetti che stiamo realizzando. 90 Impianti Fotovoltaici Success 2 Comunit\u00e0 Energetiche Comunity Parco Eolico 40Gw Eolico<\/p>","protected":false},"author":4,"featured_media":0,"parent":5402,"menu_order":0,"comment_status":"closed","ping_status":"closed","template":"page-full-width.php","meta":{"_joinchat":[],"footnotes":""},"class_list":["post-5293","page","type-page","status-publish","hentry"],"yoast_head":"<!-- This site is optimized with the Yoast SEO plugin v22.2 - https:\/\/yoast.com\/wordpress\/plugins\/seo\/ -->\n<title>Progetti | Platinum-e | Societ\u00e0 Energia Toscana | Comunit\u00e0 Energetica<\/title>\n<meta name=\"description\" content=\"Scopri la progettazione energetica in corso di Platinum-e. Dal parco eolico alle comunit\u00e0 energetiche, stiamo guidando l&#039;innovazione per un futuro energetico sostenibile. Segui i nostri progressi e il nostro impegno verso una trasformazione energetica positiva.\" \/>\n<meta name=\"robots\" content=\"index, follow, max-snippet:-1, max-image-preview:large, max-video-preview:-1\" \/>\n<link rel=\"canonical\" href=\"https:\/\/platinume.it\/zh\/portfolio\/progettiprogetti-in-corso-platinum-e\/\" \/>\n<meta property=\"og:locale\" content=\"zh_CN\" \/>\n<meta property=\"og:type\" content=\"article\" \/>\n<meta property=\"og:title\" content=\"Progetti | Platinum-e | Societ\u00e0 Energia Toscana | Comunit\u00e0 Energetica\" \/>\n<meta property=\"og:description\" content=\"Scopri la progettazione energetica in corso di Platinum-e. Dal parco eolico alle comunit\u00e0 energetiche, stiamo guidando l&#039;innovazione per un futuro energetico sostenibile. Segui i nostri progressi e il nostro impegno verso una trasformazione energetica positiva.\" \/>\n<meta property=\"og:url\" content=\"https:\/\/platinume.it\/zh\/portfolio\/progettiprogetti-in-corso-platinum-e\/\" \/>\n<meta property=\"og:site_name\" content=\"Platinum-e\" \/>\n<meta property=\"article:publisher\" content=\"https:\/\/www.facebook.com\/SocietaEnergiaToscana\" \/>\n<meta property=\"article:modified_time\" content=\"2024-02-22T09:28:11+00:00\" \/>\n<meta property=\"og:image\" content=\"https:\/\/platinume.it\/wp-content\/uploads\/2023\/02\/Progetto-senza-titolo-2.jpg\" \/>\n<meta name=\"twitter:card\" content=\"summary_large_image\" \/>\n<meta name=\"twitter:label1\" content=\"\u9884\u8ba1\u9605\u8bfb\u65f6\u95f4\" \/>\n\t<meta name=\"twitter:data1\" content=\"1 \u5206\" \/>\n<script type=\"application\/ld+json\" class=\"yoast-schema-graph\">{\"@context\":\"https:\/\/schema.org\",\"@graph\":[{\"@type\":\"WebPage\",\"@id\":\"https:\/\/platinume.it\/portfolio\/progettiprogetti-in-corso-platinum-e\/\",\"url\":\"https:\/\/platinume.it\/portfolio\/progettiprogetti-in-corso-platinum-e\/\",\"name\":\"Progetti | Platinum-e | Societ\u00e0 Energia Toscana | Comunit\u00e0 Energetica\",\"isPartOf\":{\"@id\":\"https:\/\/platinume.it\/#website\"},\"primaryImageOfPage\":{\"@id\":\"https:\/\/platinume.it\/portfolio\/progettiprogetti-in-corso-platinum-e\/#primaryimage\"},\"image\":{\"@id\":\"https:\/\/platinume.it\/portfolio\/progettiprogetti-in-corso-platinum-e\/#primaryimage\"},\"thumbnailUrl\":\"https:\/\/platinume.it\/wp-content\/uploads\/2023\/02\/Progetto-senza-titolo-2.jpg\",\"datePublished\":\"2023-02-06T13:51:22+00:00\",\"dateModified\":\"2024-02-22T09:28:11+00:00\",\"description\":\"Scopri la progettazione energetica in corso di Platinum-e. Dal parco eolico alle comunit\u00e0 energetiche, stiamo guidando l'innovazione per un futuro energetico sostenibile. Segui i nostri progressi e il nostro impegno verso una trasformazione energetica positiva.\",\"breadcrumb\":{\"@id\":\"https:\/\/platinume.it\/portfolio\/progettiprogetti-in-corso-platinum-e\/#breadcrumb\"},\"inLanguage\":\"zh-Hans\",\"potentialAction\":[{\"@type\":\"ReadAction\",\"target\":[\"https:\/\/platinume.it\/portfolio\/progettiprogetti-in-corso-platinum-e\/\"]}]},{\"@type\":\"ImageObject\",\"inLanguage\":\"zh-Hans\",\"@id\":\"https:\/\/platinume.it\/portfolio\/progettiprogetti-in-corso-platinum-e\/#primaryimage\",\"url\":\"https:\/\/platinume.it\/wp-content\/uploads\/2023\/02\/Progetto-senza-titolo-2.jpg\",\"contentUrl\":\"https:\/\/platinume.it\/wp-content\/uploads\/2023\/02\/Progetto-senza-titolo-2.jpg\",\"width\":850,\"height\":1064},{\"@type\":\"BreadcrumbList\",\"@id\":\"https:\/\/platinume.it\/portfolio\/progettiprogetti-in-corso-platinum-e\/#breadcrumb\",\"itemListElement\":[{\"@type\":\"ListItem\",\"position\":1,\"name\":\"Home\",\"item\":\"https:\/\/platinume.it\/it_it\/\"},{\"@type\":\"ListItem\",\"position\":2,\"name\":\"Portfolio\",\"item\":\"https:\/\/platinume.it\/?page_id=5402\"},{\"@type\":\"ListItem\",\"position\":3,\"name\":\"Progetti\"}]},{\"@type\":\"WebSite\",\"@id\":\"https:\/\/platinume.it\/#website\",\"url\":\"https:\/\/platinume.it\/\",\"name\":\"Platinum-e\",\"description\":\"Entra nel mondo Platinum-e\",\"publisher\":{\"@id\":\"https:\/\/platinume.it\/#organization\"},\"alternateName\":\"Societ\u00e0 Energia Toscana\",\"potentialAction\":[{\"@type\":\"SearchAction\",\"target\":{\"@type\":\"EntryPoint\",\"urlTemplate\":\"https:\/\/platinume.it\/?s={search_term_string}\"},\"query-input\":\"required name=search_term_string\"}],\"inLanguage\":\"zh-Hans\"},{\"@type\":\"Organization\",\"@id\":\"https:\/\/platinume.it\/#organization\",\"name\":\"Platinum-e - Societ\u00e0 Energia Toscana\",\"alternateName\":\"Societ\u00e0 Energia Toscana - Platinum-e\",\"url\":\"https:\/\/platinume.it\/\",\"logo\":{\"@type\":\"ImageObject\",\"inLanguage\":\"zh-Hans\",\"@id\":\"https:\/\/platinume.it\/#\/schema\/logo\/image\/\",\"url\":\"https:\/\/platinume.it\/wp-content\/uploads\/2024\/01\/logo_platinume.png\",\"contentUrl\":\"https:\/\/platinume.it\/wp-content\/uploads\/2024\/01\/logo_platinume.png\",\"width\":742,\"height\":168,\"caption\":\"Platinum-e - Societ\u00e0 Energia Toscana\"},\"image\":{\"@id\":\"https:\/\/platinume.it\/#\/schema\/logo\/image\/\"},\"sameAs\":[\"https:\/\/www.facebook.com\/SocietaEnergiaToscana\",\"https:\/\/www.instagram.com\/platinume_set\/\"]}]}<\/script>\n<!-- \/ Yoast SEO plugin. -->","yoast_head_json":{"title":"Progetti | Platinum-e | Societ\u00e0 Energia Toscana | Comunit\u00e0 Energetica","description":"Scopri la progettazione energetica in corso di Platinum-e. Dal parco eolico alle comunit\u00e0 energetiche, stiamo guidando l'innovazione per un futuro energetico sostenibile. Segui i nostri progressi e il nostro impegno verso una trasformazione energetica positiva.","robots":{"index":"index","follow":"follow","max-snippet":"max-snippet:-1","max-image-preview":"max-image-preview:large","max-video-preview":"max-video-preview:-1"},"canonical":"https:\/\/platinume.it\/zh\/portfolio\/progettiprogetti-in-corso-platinum-e\/","og_locale":"zh_CN","og_type":"article","og_title":"Progetti | Platinum-e | Societ\u00e0 Energia Toscana | Comunit\u00e0 Energetica","og_description":"Scopri la progettazione energetica in corso di Platinum-e. Dal parco eolico alle comunit\u00e0 energetiche, stiamo guidando l'innovazione per un futuro energetico sostenibile. Segui i nostri progressi e il nostro impegno verso una trasformazione energetica positiva.","og_url":"https:\/\/platinume.it\/zh\/portfolio\/progettiprogetti-in-corso-platinum-e\/","og_site_name":"Platinum-e","article_publisher":"https:\/\/www.facebook.com\/SocietaEnergiaToscana","article_modified_time":"2024-02-22T09:28:11+00:00","og_image":[{"url":"https:\/\/platinume.it\/wp-content\/uploads\/2023\/02\/Progetto-senza-titolo-2.jpg"}],"twitter_card":"summary_large_image","twitter_misc":{"\u9884\u8ba1\u9605\u8bfb\u65f6\u95f4":"1 \u5206"},"schema":{"@context":"https:\/\/schema.org","@graph":[{"@type":"WebPage","@id":"https:\/\/platinume.it\/portfolio\/progettiprogetti-in-corso-platinum-e\/","url":"https:\/\/platinume.it\/portfolio\/progettiprogetti-in-corso-platinum-e\/","name":"Progetti | Platinum-e | Societ\u00e0 Energia Toscana | Comunit\u00e0 Energetica","isPartOf":{"@id":"https:\/\/platinume.it\/#website"},"primaryImageOfPage":{"@id":"https:\/\/platinume.it\/portfolio\/progettiprogetti-in-corso-platinum-e\/#primaryimage"},"image":{"@id":"https:\/\/platinume.it\/portfolio\/progettiprogetti-in-corso-platinum-e\/#primaryimage"},"thumbnailUrl":"https:\/\/platinume.it\/wp-content\/uploads\/2023\/02\/Progetto-senza-titolo-2.jpg","datePublished":"2023-02-06T13:51:22+00:00","dateModified":"2024-02-22T09:28:11+00:00","description":"Scopri la progettazione energetica in corso di Platinum-e. Dal parco eolico alle comunit\u00e0 energetiche, stiamo guidando l'innovazione per un futuro energetico sostenibile. Segui i nostri progressi e il nostro impegno verso una trasformazione energetica positiva.","breadcrumb":{"@id":"https:\/\/platinume.it\/portfolio\/progettiprogetti-in-corso-platinum-e\/#breadcrumb"},"inLanguage":"zh-Hans","potentialAction":[{"@type":"ReadAction","target":["https:\/\/platinume.it\/portfolio\/progettiprogetti-in-corso-platinum-e\/"]}]},{"@type":"ImageObject","inLanguage":"zh-Hans","@id":"https:\/\/platinume.it\/portfolio\/progettiprogetti-in-corso-platinum-e\/#primaryimage","url":"https:\/\/platinume.it\/wp-content\/uploads\/2023\/02\/Progetto-senza-titolo-2.jpg","contentUrl":"https:\/\/platinume.it\/wp-content\/uploads\/2023\/02\/Progetto-senza-titolo-2.jpg","width":850,"height":1064},{"@type":"BreadcrumbList","@id":"https:\/\/platinume.it\/portfolio\/progettiprogetti-in-corso-platinum-e\/#breadcrumb","itemListElement":[{"@type":"ListItem","position":1,"name":"Home","item":"https:\/\/platinume.it\/it_it\/"},{"@type":"ListItem","position":2,"name":"Portfolio","item":"https:\/\/platinume.it\/?page_id=5402"},{"@type":"ListItem","position":3,"name":"Progetti"}]},{"@type":"WebSite","@id":"https:\/\/platinume.it\/#website","url":"https:\/\/platinume.it\/","name":"\u00a0Platinum-e","description":"Entra nel mondo Platinum-e","publisher":{"@id":"https:\/\/platinume.it\/#organization"},"alternateName":"Societ\u00e0 Energia Toscana","potentialAction":[{"@type":"SearchAction","target":{"@type":"EntryPoint","urlTemplate":"https:\/\/platinume.it\/?s={search_term_string}"},"query-input":"required name=search_term_string"}],"inLanguage":"zh-Hans"},{"@type":"Organization","@id":"https:\/\/platinume.it\/#organization","name":"Platinum-e - Societ\u00e0 Energia Toscana","alternateName":"Societ\u00e0 Energia Toscana - Platinum-e","url":"https:\/\/platinume.it\/","logo":{"@type":"ImageObject","inLanguage":"zh-Hans","@id":"https:\/\/platinume.it\/#\/schema\/logo\/image\/","url":"https:\/\/platinume.it\/wp-content\/uploads\/2024\/01\/logo_platinume.png","contentUrl":"https:\/\/platinume.it\/wp-content\/uploads\/2024\/01\/logo_platinume.png","width":742,"height":168,"caption":"Platinum-e - Societ\u00e0 Energia Toscana"},"image":{"@id":"https:\/\/platinume.it\/#\/schema\/logo\/image\/"},"sameAs":["https:\/\/www.facebook.com\/SocietaEnergiaToscana","https:\/\/www.instagram.com\/platinume_set\/"]}]}},"_links":{"self":[{"href":"https:\/\/platinume.it\/zh\/wp-json\/wp\/v2\/pages\/5293","targetHints":{"allow":["GET"]}}],"collection":[{"href":"https:\/\/platinume.it\/zh\/wp-json\/wp\/v2\/pages"}],"about":[{"href":"https:\/\/platinume.it\/zh\/wp-json\/wp\/v2\/types\/page"}],"author":[{"embeddable":true,"href":"https:\/\/platinume.it\/zh\/wp-json\/wp\/v2\/users\/4"}],"replies":[{"embeddable":true,"href":"https:\/\/platinume.it\/zh\/wp-json\/wp\/v2\/comments?post=5293"}],"version-history":[{"count":13,"href":"https:\/\/platinume.it\/zh\/wp-json\/wp\/v2\/pages\/5293\/revisions"}],"predecessor-version":[{"id":12038,"href":"https:\/\/platinume.it\/zh\/wp-json\/wp\/v2\/pages\/5293\/revisions\/12038"}],"up":[{"embeddable":true,"href":"https:\/\/platinume.it\/zh\/wp-json\/wp\/v2\/pages\/5402"}],"wp:attachment":[{"href":"https:\/\/platinume.it\/zh\/wp-json\/wp\/v2\/media?parent=5293"}],"curies":[{"name":"wp","href":"https:\/\/api.w.org\/{rel}","templated":true}]}}